{"id":905,"date":"2018-09-09T14:12:04","date_gmt":"2018-09-09T14:12:04","guid":{"rendered":"https:\/\/thinggaardkunst.dk\/?page_id=905"},"modified":"2023-05-19T17:44:10","modified_gmt":"2023-05-19T17:44:10","slug":"kunsthal-varte","status":"publish","type":"page","link":"https:\/\/thinggaardkunst.dk\/?page_id=905","title":{"rendered":"Kunsthal vARTe"},"content":{"rendered":"<h1 style=\"text-align: center;\"><\/h1>\n<h2 style=\"text-align: center;\">Anne Thinggaard, Christine Bendt, Karen Exner, Kate Kanstrup,<\/h2>\n<h2 style=\"text-align: center;\">og Marianne von Tangen Buskov<\/h2>\n<h2 style=\"text-align: center;\">\u00a0 4.juli &#8211; 31. juli 2018<\/h2>\n<p><strong>I Kunsthal vARTe og her p\u00e5 siden har du mulighed for at se og k\u00f8be unika v\u00e6rker, skulpturer, originalgrafik eller litografier af flere professionelle kunstnere.<\/strong><\/p>\n<p>Vores tryk kan betegnes som originalgrafik, idet de alle er signeret i h\u00e5nden, nummereret og dermed trykt i et begr\u00e6nset oplag. Vores skulpturer findes ligeledes kun i et begr\u00e6nset antal.<\/p>\n<p>Originalgrafik er en god m\u00e5de at anskaffe sig kunst p\u00e5, uden det beh\u00f8ver at koste en formue.<br \/>\nEt litografi beh\u00f8ver ikke koste meget mere end en buket og kan v\u00e6re alle tiders f\u00f8dselsdags- eller v\u00e6rtindegave.<\/p>\n<p>\u00d8nsker du at k\u00f8be noget i vores galleri, sender du bare en mail til\u00a0<a href=\"mailto:mk@varte.dk\">mk@varte.dk<\/a>\u00a0med oplysningerne p\u00e5 den \/ de v\u00e6rker du \u00f8nsker. Der er ogs\u00e5 mulighed for at f\u00e5 v\u00e6rker tilsendt mod betaling af porto.<\/p>\n<p>I Kunsthal vARTe har vi flere betalingsmuligheder:<br \/>\nKONTANT\u2028 &#8211; Det er muligt at betale kontant (med aftalte penge) i Kunsthal vARTe<br \/>\nMOBILEPAY &#8211; Det er muligt at betale via MobilePay \/ MyShop til nr.: 16381<br \/>\nKONTOOVERF\u00d8RSEL &#8211; Det er ogs\u00e5 muligt at betale ved at overf\u00f8re pengene til \u2028reg.nr. 1944 konto nr. 0748 859 551 (husk navn)<\/p>\n<p><img decoding=\"async\" loading=\"lazy\" class=\"alignnone size-medium wp-image-681 aligncenter\" src=\"https:\/\/thinggaardkunst.dk\/wp-content\/uploads\/2018\/09\/RedFlower114x158-214x300.jpg\" alt=\"\" width=\"214\" height=\"300\" srcset=\"https:\/\/thinggaardkunst.dk\/wp-content\/uploads\/2018\/09\/RedFlower114x158-214x300.jpg 214w, https:\/\/thinggaardkunst.dk\/wp-content\/uploads\/2018\/09\/RedFlower114x158-107x150.jpg 107w, https:\/\/thinggaardkunst.dk\/wp-content\/uploads\/2018\/09\/RedFlower114x158-768x1077.jpg 768w, https:\/\/thinggaardkunst.dk\/wp-content\/uploads\/2018\/09\/RedFlower114x158-730x1024.jpg 730w\" sizes=\"(max-width: 214px) 100vw, 214px\" \/><\/p>\n<h2 style=\"text-align: center;\"><strong>\u00a0<\/strong><\/h2>\n<h2 style=\"text-align: center;\"><img decoding=\"async\" loading=\"lazy\" class=\"wp-image-873 aligncenter\" src=\"https:\/\/thinggaardkunst.dk\/wp-content\/uploads\/2018\/09\/DSC_0132-1024x683.jpg\" alt=\"\" width=\"469\" height=\"316\" \/><\/h2>\n<h2 style=\"text-align: center;\"><img decoding=\"async\" loading=\"lazy\" class=\"aligncenter wp-image-861 \" src=\"https:\/\/thinggaardkunst.dk\/wp-content\/uploads\/2018\/09\/DSC_0088-1-1024x683.jpg\" alt=\"\" width=\"473\" height=\"319\" \/><\/h2>\n<h2 style=\"text-align: center;\"><img decoding=\"async\" loading=\"lazy\" class=\"alignnone wp-image-875 \" style=\"font-weight: 300;\" src=\"https:\/\/thinggaardkunst.dk\/wp-content\/uploads\/2018\/09\/DSC_0144-1024x683.jpg\" alt=\"\" width=\"480\" height=\"324\" \/><\/h2>\n<h2 style=\"text-align: center;\"><img decoding=\"async\" loading=\"lazy\" class=\"aligncenter wp-image-901 \" src=\"https:\/\/thinggaardkunst.dk\/wp-content\/uploads\/2018\/09\/DSC_0103-2-1024x683.jpg\" alt=\"\" width=\"453\" height=\"306\" \/><\/h2>\n<h2 style=\"text-align: center;\"><strong><img decoding=\"async\" loading=\"lazy\" class=\"aligncenter wp-image-900 \" src=\"https:\/\/thinggaardkunst.dk\/wp-content\/uploads\/2018\/09\/Dialogue-1024x683.jpg\" alt=\"\" width=\"453\" height=\"306\" \/><\/strong><\/h2>\n<h2 style=\"text-align: center;\"><\/h2>\n<h2 style=\"text-align: center;\"><strong><img decoding=\"async\" loading=\"lazy\" class=\"aligncenter wp-image-902 \" src=\"https:\/\/thinggaardkunst.dk\/wp-content\/uploads\/2018\/09\/DSC_0107-1-1024x683.jpg\" alt=\"\" width=\"465\" height=\"313\" \/><\/strong><strong>\u00a0 <\/strong><\/h2>\n<h4 style=\"text-align: center;\"><img decoding=\"async\" loading=\"lazy\" class=\" wp-image-894 aligncenter\" src=\"https:\/\/thinggaardkunst.dk\/wp-content\/uploads\/2018\/09\/3papir-300x189.jpg\" alt=\"\" width=\"376\" height=\"242\" \/><\/h4>\n<h4 style=\"text-align: center;\"><\/h4>\n<h4 style=\"text-align: center;\"><\/h4>\n<h4 style=\"text-align: center;\"><img decoding=\"async\" loading=\"lazy\" class=\"wp-image-896 aligncenter\" src=\"https:\/\/thinggaardkunst.dk\/wp-content\/uploads\/2018\/09\/glasskab-1024x904.jpg\" alt=\"\" width=\"368\" height=\"326\" srcset=\"https:\/\/thinggaardkunst.dk\/wp-content\/uploads\/2018\/09\/glasskab-1024x904.jpg 1024w, https:\/\/thinggaardkunst.dk\/wp-content\/uploads\/2018\/09\/glasskab-150x132.jpg 150w, https:\/\/thinggaardkunst.dk\/wp-content\/uploads\/2018\/09\/glasskab-300x265.jpg 300w, https:\/\/thinggaardkunst.dk\/wp-content\/uploads\/2018\/09\/glasskab-768x678.jpg 768w, https:\/\/thinggaardkunst.dk\/wp-content\/uploads\/2018\/09\/glasskab-340x300.jpg 340w\" sizes=\"(max-width: 368px) 100vw, 368px\" \/><\/h4>\n<h4 style=\"text-align: center;\"><img decoding=\"async\" loading=\"lazy\" class=\"aligncenter wp-image-898 \" src=\"https:\/\/thinggaardkunst.dk\/wp-content\/uploads\/2018\/09\/To-20x20-1024x449.jpg\" alt=\"\" width=\"466\" height=\"210\" \/><\/h4>\n<h4 style=\"text-align: center;\"><img decoding=\"async\" loading=\"lazy\" class=\"alignnone size-medium wp-image-899\" src=\"https:\/\/thinggaardkunst.dk\/wp-content\/uploads\/2018\/09\/tostk-239x300.jpg\" alt=\"\" width=\"239\" height=\"300\" srcset=\"https:\/\/thinggaardkunst.dk\/wp-content\/uploads\/2018\/09\/tostk-239x300.jpg 239w, https:\/\/thinggaardkunst.dk\/wp-content\/uploads\/2018\/09\/tostk-119x150.jpg 119w, https:\/\/thinggaardkunst.dk\/wp-content\/uploads\/2018\/09\/tostk-768x965.jpg 768w, https:\/\/thinggaardkunst.dk\/wp-content\/uploads\/2018\/09\/tostk-815x1024.jpg 815w\" sizes=\"(max-width: 239px) 100vw, 239px\" \/><\/h4>\n\n        <script src = 'http:\/\/maps.googleapis.com\/maps\/api\/js?key='><\/script>\n        <script>\n            function initialize() {\n                var mapProp = {\n                    center: new google.maps.LatLng(, ),\n                    zoom: ,\n                    mapTypeId: google.maps.MapTypeId.ROADMAP\n                };\n                var map = new google.maps.Map(document.getElementById('googleMap'), mapProp);\n            }\n            google.maps.event.addDomListener(window, 'load', initialize);\n        <\/script>\n        <div id='googleMap' style='width:500px;height:380px;'><\/div>\n        ","protected":false},"excerpt":{"rendered":"<p>Anne Thinggaard, Christine Bendt, Karen Exner, Kate Kanstrup, og Marianne von Tangen Buskov \u00a0 4.juli &#8211; 31. juli 2018 I Kunsthal vARTe og her p\u00e5 siden har du mulighed for at se og k\u00f8be unika v\u00e6rker, skulpturer, originalgrafik eller litografier af flere professionelle kunstnere. Vores tryk kan betegnes som originalgrafik, idet de alle er signeret &#8230; <a title=\"Kunsthal vARTe\" class=\"read-more\" href=\"https:\/\/thinggaardkunst.dk\/?page_id=905\" aria-label=\"More on Kunsthal vARTe\">L\u00e6s mere <\/a><\/p>\n","protected":false},"author":1,"featured_media":0,"parent":0,"menu_order":0,"comment_status":"closed","ping_status":"closed","template":"","meta":{"_bbp_topic_count":0,"_bbp_reply_count":0,"_bbp_total_topic_count":0,"_bbp_total_reply_count":0,"_bbp_voice_count":0,"_bbp_anonymous_reply_count":0,"_bbp_topic_count_hidden":0,"_bbp_reply_count_hidden":0,"_bbp_forum_subforum_count":0},"_links":{"self":[{"href":"https:\/\/thinggaardkunst.dk\/index.php?rest_route=\/wp\/v2\/pages\/905"}],"collection":[{"href":"https:\/\/thinggaardkunst.dk\/index.php?rest_route=\/wp\/v2\/pages"}],"about":[{"href":"https:\/\/thinggaardkunst.dk\/index.php?rest_route=\/wp\/v2\/types\/page"}],"author":[{"embeddable":true,"href":"https:\/\/thinggaardkunst.dk\/index.php?rest_route=\/wp\/v2\/users\/1"}],"replies":[{"embeddable":true,"href":"https:\/\/thinggaardkunst.dk\/index.php?rest_route=%2Fwp%2Fv2%2Fcomments&post=905"}],"version-history":[{"count":7,"href":"https:\/\/thinggaardkunst.dk\/index.php?rest_route=\/wp\/v2\/pages\/905\/revisions"}],"predecessor-version":[{"id":1299,"href":"https:\/\/thinggaardkunst.dk\/index.php?rest_route=\/wp\/v2\/pages\/905\/revisions\/1299"}],"wp:attachment":[{"href":"https:\/\/thinggaardkunst.dk\/index.php?rest_route=%2Fwp%2Fv2%2Fmedia&parent=905"}],"curies":[{"name":"wp","href":"https:\/\/api.w.org\/{rel}","templated":true}]}}