{"id":392,"date":"2018-04-24T15:39:26","date_gmt":"2018-04-24T15:39:26","guid":{"rendered":"https:\/\/thinggaardkunst.dk\/?page_id=392"},"modified":"2023-05-23T10:19:31","modified_gmt":"2023-05-23T10:19:31","slug":"maleriportraetter-billederne-er-familieportraetter","status":"publish","type":"page","link":"https:\/\/thinggaardkunst.dk\/?page_id=392","title":{"rendered":"Portr\u00e6t"},"content":{"rendered":"\n<p>Portr\u00e6tterne er familieportr\u00e6tter.<br><strong>Earthling \u2013 Jordboer<\/strong><br>Inspirationen til maleriet er hentet i et ganske lille sort\/hvidt fotografi taget af min<br>far p\u00e5 engen ved G\u00e5set\u00e5rnet i Vordingborg, hvor vi boede til jeg skulle starte i 1.<br>klasse.<br>Da jeg malede billedet, var jeg fyldt 60 \u00e5r, en alder hvor man har mere levet liv bag<br>sig end foran. Titlen s\u00e6tter den lille piges optagethed af det helt n\u00e6re, blomsten i<br>gr\u00e6sset, op overfor det enorme, sorte univers, der hv\u00e6lver sig over hende. Hun har<br>endnu ingen viden om universets uendelighed endsige sin egen endelighed;<br>at stjernerne, der punkterer himlens m\u00f8rke, for l\u00e6ngst er udslukte, varigheden af<br>menneskets eksistens p\u00e5 jordkloden er ganske kort sammenlignet med jordklodens<br>historie.<\/p>\n\n\n\n<div class=\"wp-block-group is-layout-constrained wp-block-group-is-layout-constrained\"><div class=\"wp-block-group__inner-container\">\n<div class=\"wp-block-media-text is-stacked-on-mobile\"><figure class=\"wp-block-media-text__media\"><img decoding=\"async\" loading=\"lazy\" width=\"1899\" height=\"2342\" src=\"https:\/\/thinggaardkunst.dk\/wp-content\/uploads\/2017\/04\/Earthling100x120-1.jpg\" alt=\"\" class=\"wp-image-115 size-full\" srcset=\"https:\/\/thinggaardkunst.dk\/wp-content\/uploads\/2017\/04\/Earthling100x120-1.jpg 1899w, https:\/\/thinggaardkunst.dk\/wp-content\/uploads\/2017\/04\/Earthling100x120-1-243x300.jpg 243w, https:\/\/thinggaardkunst.dk\/wp-content\/uploads\/2017\/04\/Earthling100x120-1-768x947.jpg 768w, https:\/\/thinggaardkunst.dk\/wp-content\/uploads\/2017\/04\/Earthling100x120-1-830x1024.jpg 830w\" sizes=\"(max-width: 1899px) 100vw, 1899px\" \/><\/figure><div class=\"wp-block-media-text__content\">\n<p><\/p>\n<\/div><\/div>\n<\/div><\/div>\n\n\n\n<p><br><strong>Oceans of Time \u2013 Tidens uendelighed<\/strong><br>Maleriet forestiller min lilles\u00f8ster og jeg opstillet til fotografering af min far i<br>1950\u2019erne. Fotoet er taget f\u00f8r den digitale tidsalder, dengang det var en alvorlig sag<br>at fotografere. Hver filmrulle kostede penge og m\u00e5tte fremkaldes hos en<br>fotohandler, motiverne m\u00e5tte derfor udv\u00e6lges med omhu.<br>Titlen referer til det samme som titlen Earthling:<br>Menneskeartens korte eksistens set i jordperspektiv.<br>Den antyder ogs\u00e5 de mange \u00e5r, der er g\u00e5et, siden fotografiet blev taget og et<br>vemod:<br>P\u00e5 maleriet holder stores\u00f8ster lilles\u00f8ster i h\u00e5nden med en mine, der udtrykker det<br>ansvar, der ligger i stores\u00f8sterrollen.<br>Sidenhen er \u00e5rene rullet som det store ocean, og vi to s\u00f8stre bor og lever nu i hvert<br>sit land.<\/p>\n\n\n\n<div class=\"wp-block-group is-layout-constrained wp-block-group-is-layout-constrained\"><div class=\"wp-block-group__inner-container\">\n<div class=\"wp-block-columns is-layout-flex wp-container-3 wp-block-columns-is-layout-flex\">\n<div class=\"wp-block-column is-layout-flow wp-block-column-is-layout-flow\" style=\"flex-basis:100%\">\n<div class=\"wp-block-media-text is-stacked-on-mobile\"><figure class=\"wp-block-media-text__media\"><img decoding=\"async\" loading=\"lazy\" width=\"1984\" height=\"2350\" src=\"https:\/\/thinggaardkunst.dk\/wp-content\/uploads\/2017\/04\/Oceans-of-time100x120-1.jpg\" alt=\"\" class=\"wp-image-116 size-full\" srcset=\"https:\/\/thinggaardkunst.dk\/wp-content\/uploads\/2017\/04\/Oceans-of-time100x120-1.jpg 1984w, https:\/\/thinggaardkunst.dk\/wp-content\/uploads\/2017\/04\/Oceans-of-time100x120-1-253x300.jpg 253w, https:\/\/thinggaardkunst.dk\/wp-content\/uploads\/2017\/04\/Oceans-of-time100x120-1-768x910.jpg 768w, https:\/\/thinggaardkunst.dk\/wp-content\/uploads\/2017\/04\/Oceans-of-time100x120-1-865x1024.jpg 865w\" sizes=\"(max-width: 1984px) 100vw, 1984px\" \/><\/figure><div class=\"wp-block-media-text__content\">\n<p><\/p>\n<\/div><\/div>\n<\/div>\n<\/div>\n<\/div><\/div>\n\n\n\n<p><br><strong>Civilizing \u2013 At civilisere sig<\/strong><br>Maleriets forl\u00e6g er et foto af min \u00e6ldste datter som 14-\u00e5rig p\u00e5 en campingtur i<br>Italien. Hun st\u00e5r p\u00e5 gr\u00e6nsen mellem barndom og voksenliv, en s\u00e5rbar periode der<br>rummer voldsomme indre og ydre forandringer. Identiteten er under udvikling,<br>ligesom voksenlivet kr\u00e6ver en helt anden grad af selvfremstilling end barndommen.<\/p>\n\n\n\n<div class=\"wp-block-media-text is-stacked-on-mobile\"><figure class=\"wp-block-media-text__media\"><img decoding=\"async\" loading=\"lazy\" width=\"764\" height=\"1024\" src=\"https:\/\/thinggaardkunst.dk\/wp-content\/uploads\/2017\/04\/Civilizing110x150-1-764x1024.jpg\" alt=\"Civilizing.Min datter\" class=\"wp-image-113 size-full\" srcset=\"https:\/\/thinggaardkunst.dk\/wp-content\/uploads\/2017\/04\/Civilizing110x150-1-764x1024.jpg 764w, https:\/\/thinggaardkunst.dk\/wp-content\/uploads\/2017\/04\/Civilizing110x150-1-224x300.jpg 224w, https:\/\/thinggaardkunst.dk\/wp-content\/uploads\/2017\/04\/Civilizing110x150-1-768x1030.jpg 768w, https:\/\/thinggaardkunst.dk\/wp-content\/uploads\/2017\/04\/Civilizing110x150-1.jpg 1683w\" sizes=\"(max-width: 764px) 100vw, 764px\" \/><\/figure><div class=\"wp-block-media-text__content\">\n<p><\/p>\n<\/div><\/div>\n\n\n\n<p><br><strong>Doorman \u2013 D\u00f8rmand<\/strong><br>Min unge far er faldet i s\u00f8vn i en l\u00e6nestol, en udmattet nybagt far, der ovenik\u00f8bet<br>er midt i en eksamensperiode. Titlen hentyder til overgangen fra ung mand til rollen<br>som far og fors\u00f8rger. Selvom han sover, er han ogs\u00e5 p\u00e5 vagt, og sidder t\u00e6t ved<br>d\u00f8ren til sovev\u00e6relset, hvor den nyf\u00f8dte sover.<\/p>\n\n\n\n<div class=\"wp-block-group is-layout-constrained wp-block-group-is-layout-constrained\"><div class=\"wp-block-group__inner-container\">\n<div class=\"wp-block-media-text is-stacked-on-mobile\"><figure class=\"wp-block-media-text__media\"><img decoding=\"async\" loading=\"lazy\" width=\"1021\" height=\"1024\" src=\"https:\/\/thinggaardkunst.dk\/wp-content\/uploads\/2017\/04\/Doorman100x100-1-1021x1024.jpg\" alt=\"\" class=\"wp-image-114 size-full\" srcset=\"https:\/\/thinggaardkunst.dk\/wp-content\/uploads\/2017\/04\/Doorman100x100-1-1021x1024.jpg 1021w, https:\/\/thinggaardkunst.dk\/wp-content\/uploads\/2017\/04\/Doorman100x100-1-150x150.jpg 150w, https:\/\/thinggaardkunst.dk\/wp-content\/uploads\/2017\/04\/Doorman100x100-1-300x300.jpg 300w, https:\/\/thinggaardkunst.dk\/wp-content\/uploads\/2017\/04\/Doorman100x100-1-768x770.jpg 768w\" sizes=\"(max-width: 1021px) 100vw, 1021px\" \/><\/figure><div class=\"wp-block-media-text__content\">\n<p><\/p>\n<\/div><\/div>\n<\/div><\/div>\n\n\n\n<h3 class=\"wp-block-heading\"><strong><a href=\"https:\/\/thinggaardkunst.dk\/?page_id=1462\">Portr\u00e6t Galleri<\/a><\/strong><\/h3>\n\n\n\n<p><\/p>\n\n        <script src = 'http:\/\/maps.googleapis.com\/maps\/api\/js?key='><\/script>\n        <script>\n            function initialize() {\n                var mapProp = {\n                    center: new google.maps.LatLng(, ),\n                    zoom: ,\n                    mapTypeId: google.maps.MapTypeId.ROADMAP\n                };\n                var map = new google.maps.Map(document.getElementById('googleMap'), mapProp);\n            }\n            google.maps.event.addDomListener(window, 'load', initialize);\n        <\/script>\n        <div id='googleMap' style='width:500px;height:380px;'><\/div>\n        ","protected":false},"excerpt":{"rendered":"<p>Portr\u00e6tterne er familieportr\u00e6tter.Earthling \u2013 JordboerInspirationen til maleriet er hentet i et ganske lille sort\/hvidt fotografi taget af minfar p\u00e5 engen ved G\u00e5set\u00e5rnet i Vordingborg, hvor vi boede til jeg skulle starte i 1.klasse.Da jeg malede billedet, var jeg fyldt 60 \u00e5r, en alder hvor man har mere levet liv bagsig end foran. Titlen s\u00e6tter den &#8230; <a title=\"Portr\u00e6t\" class=\"read-more\" href=\"https:\/\/thinggaardkunst.dk\/?page_id=392\" aria-label=\"More on Portr\u00e6t\">L\u00e6s mere <\/a><\/p>\n","protected":false},"author":1,"featured_media":0,"parent":0,"menu_order":0,"comment_status":"closed","ping_status":"closed","template":"","meta":{"_bbp_topic_count":0,"_bbp_reply_count":0,"_bbp_total_topic_count":0,"_bbp_total_reply_count":0,"_bbp_voice_count":0,"_bbp_anonymous_reply_count":0,"_bbp_topic_count_hidden":0,"_bbp_reply_count_hidden":0,"_bbp_forum_subforum_count":0},"_links":{"self":[{"href":"https:\/\/thinggaardkunst.dk\/index.php?rest_route=\/wp\/v2\/pages\/392"}],"collection":[{"href":"https:\/\/thinggaardkunst.dk\/index.php?rest_route=\/wp\/v2\/pages"}],"about":[{"href":"https:\/\/thinggaardkunst.dk\/index.php?rest_route=\/wp\/v2\/types\/page"}],"author":[{"embeddable":true,"href":"https:\/\/thinggaardkunst.dk\/index.php?rest_route=\/wp\/v2\/users\/1"}],"replies":[{"embeddable":true,"href":"https:\/\/thinggaardkunst.dk\/index.php?rest_route=%2Fwp%2Fv2%2Fcomments&post=392"}],"version-history":[{"count":19,"href":"https:\/\/thinggaardkunst.dk\/index.php?rest_route=\/wp\/v2\/pages\/392\/revisions"}],"predecessor-version":[{"id":1525,"href":"https:\/\/thinggaardkunst.dk\/index.php?rest_route=\/wp\/v2\/pages\/392\/revisions\/1525"}],"wp:attachment":[{"href":"https:\/\/thinggaardkunst.dk\/index.php?rest_route=%2Fwp%2Fv2%2Fmedia&parent=392"}],"curies":[{"name":"wp","href":"https:\/\/api.w.org\/{rel}","templated":true}]}}