{"id":29,"date":"2017-04-29T22:04:06","date_gmt":"2017-04-29T22:04:06","guid":{"rendered":"https:\/\/thinggaardkunst.dk\/?page_id=29"},"modified":"2023-05-29T13:10:22","modified_gmt":"2023-05-29T13:10:22","slug":"tegning-tusch-blaek-paa-papir","status":"publish","type":"page","link":"https:\/\/thinggaardkunst.dk\/?page_id=29","title":{"rendered":"Tegning"},"content":{"rendered":"\n<p>Tegninger, Materialer: RO: Blyant p\u00e5 papir,&nbsp;URO: Bl\u00e6k og&nbsp;tusch p\u00e5 papir, varierende m\u00e5l<\/p>\n\n\n\n<p>I jagten p\u00e5 det perfekte liv n\u00e6res frygten for udst\u00f8delse \u2013 urangsten for at blive forladt af flokken. Det indre er overset \u2013 eftert\u00e6nksomhed og langsomhed er fejet af banen til fordel for effektivitet. Det moderne menneskes uro, som ogs\u00e5 er min, danner bund i mit afgangsprojekt.<\/p>\n\n\n\n<p>Som et slags symbol p\u00e5 det ydrestyrede menneske har jeg valgt at tage udgangspunkt i noget banalt og up\u00e5agtet.<\/p>\n\n\n\n<p>Ting fra det private rum: tilf\u00e6ldige t\u00f8jbunker, vasket\u00f8j, dynen i sengen.<\/p>\n\n\n\n<p>Er det er muligt at se noget nyt i hverdagen ?<\/p>\n\n\n\n<p> Noget man har ber\u00f8rt med sit blik utallige gange uden virkelig at se det?<\/p>\n\n\n\n<div class=\"wp-block-media-text is-stacked-on-mobile\"><figure class=\"wp-block-media-text__media\"><img decoding=\"async\" loading=\"lazy\" width=\"1024\" height=\"817\" src=\"https:\/\/thinggaardkunst.dk\/wp-content\/uploads\/2023\/05\/Home-1024x817.jpg\" alt=\"\" class=\"wp-image-1659 size-full\" srcset=\"https:\/\/thinggaardkunst.dk\/wp-content\/uploads\/2023\/05\/Home-1024x817.jpg 1024w, https:\/\/thinggaardkunst.dk\/wp-content\/uploads\/2023\/05\/Home-300x239.jpg 300w, https:\/\/thinggaardkunst.dk\/wp-content\/uploads\/2023\/05\/Home-150x120.jpg 150w, https:\/\/thinggaardkunst.dk\/wp-content\/uploads\/2023\/05\/Home-768x613.jpg 768w, https:\/\/thinggaardkunst.dk\/wp-content\/uploads\/2023\/05\/Home-1536x1226.jpg 1536w, https:\/\/thinggaardkunst.dk\/wp-content\/uploads\/2023\/05\/Home-2048x1635.jpg 2048w\" sizes=\"(max-width: 1024px) 100vw, 1024px\" \/><\/figure><div class=\"wp-block-media-text__content\">\n<p><\/p>\n<\/div><\/div>\n\n\n\n<p><\/p>\n\n\n\n<p>&nbsp;Med blyant p\u00e5 papir tegner jeg linjer, folder og buler i et focus p\u00e5 netop det, der er lige for.<\/p>\n\n\n\n<p>Jeg tegner derefter det samme motiv med tusch p\u00e5 pergament, der afviser vandet, eller p\u00e5 v\u00e5dt, sugende papir.<\/p>\n\n\n\n<div class=\"wp-block-media-text is-stacked-on-mobile\"><figure class=\"wp-block-media-text__media\"><img decoding=\"async\" loading=\"lazy\" width=\"676\" height=\"1024\" src=\"https:\/\/thinggaardkunst.dk\/wp-content\/uploads\/2018\/09\/P\u00e5-gr\u00e6s-1-676x1024.jpg\" alt=\"\" class=\"wp-image-828 size-full\" srcset=\"https:\/\/thinggaardkunst.dk\/wp-content\/uploads\/2018\/09\/P\u00e5-gr\u00e6s-1-676x1024.jpg 676w, https:\/\/thinggaardkunst.dk\/wp-content\/uploads\/2018\/09\/P\u00e5-gr\u00e6s-1-99x150.jpg 99w, https:\/\/thinggaardkunst.dk\/wp-content\/uploads\/2018\/09\/P\u00e5-gr\u00e6s-1-198x300.jpg 198w, https:\/\/thinggaardkunst.dk\/wp-content\/uploads\/2018\/09\/P\u00e5-gr\u00e6s-1-768x1163.jpg 768w\" sizes=\"(max-width: 676px) 100vw, 676px\" \/><\/figure><div class=\"wp-block-media-text__content\">\n<p><\/p>\n<\/div><\/div>\n\n\n\n<p> PAPIR er et \u00e6ldgammelt b\u00e5de st\u00e6rkt og skr\u00f8beligt materiale, som har vist mennesker gennem \u00e5rhundreder i form af grafik eller tuschtegninger.<\/p>\n\n\n\n<div class=\"wp-block-media-text is-stacked-on-mobile\"><figure class=\"wp-block-media-text__media\"><img decoding=\"async\" loading=\"lazy\" width=\"724\" height=\"1024\" src=\"https:\/\/thinggaardkunst.dk\/wp-content\/uploads\/2018\/09\/flyingtowel72-724x1024.jpg\" alt=\"\" class=\"wp-image-804 size-full\" srcset=\"https:\/\/thinggaardkunst.dk\/wp-content\/uploads\/2018\/09\/flyingtowel72-724x1024.jpg 724w, https:\/\/thinggaardkunst.dk\/wp-content\/uploads\/2018\/09\/flyingtowel72-106x150.jpg 106w, https:\/\/thinggaardkunst.dk\/wp-content\/uploads\/2018\/09\/flyingtowel72-212x300.jpg 212w, https:\/\/thinggaardkunst.dk\/wp-content\/uploads\/2018\/09\/flyingtowel72-768x1086.jpg 768w, https:\/\/thinggaardkunst.dk\/wp-content\/uploads\/2018\/09\/flyingtowel72.jpg 838w\" sizes=\"(max-width: 724px) 100vw, 724px\" \/><\/figure><div class=\"wp-block-media-text__content\">\n<p><\/p>\n<\/div><\/div>\n\n\n\n<p> VAND, uden hvilket vi ikke kan overleve, i dr\u00f8mme ofte symbol p\u00e5 det emotionelle.<\/p>\n\n\n\n<p>I udvaskningen af de kontrollerede linjer frig\u00f8r tegningen sig fra sit udspring, der opst\u00e5r abstraktioner og nye figurationer. Jeg f\u00f8lger de associationer, der opst\u00e5r, med frihed til flertydighed.&nbsp;Ved at synligg\u00f8re nogle af de  former, der gemmer sig i det banale, vil jeg gerne inspirere til en hverdagspoetik.&nbsp;Jeg vil ogs\u00e5 fors\u00f8ge at v\u00e6kke de \u201dforkl\u00e6dte\u201d betydninger, der sover under den trivielle overflade.<\/p>\n\n\n\n<figure class=\"wp-block-image size-large\"><img decoding=\"async\" loading=\"lazy\" width=\"1024\" height=\"751\" src=\"https:\/\/thinggaardkunst.dk\/wp-content\/uploads\/2018\/09\/417004010-1024x751.jpg\" alt=\"\" class=\"wp-image-803\" srcset=\"https:\/\/thinggaardkunst.dk\/wp-content\/uploads\/2018\/09\/417004010-1024x751.jpg 1024w, https:\/\/thinggaardkunst.dk\/wp-content\/uploads\/2018\/09\/417004010-150x110.jpg 150w, https:\/\/thinggaardkunst.dk\/wp-content\/uploads\/2018\/09\/417004010-300x220.jpg 300w, https:\/\/thinggaardkunst.dk\/wp-content\/uploads\/2018\/09\/417004010-768x563.jpg 768w, https:\/\/thinggaardkunst.dk\/wp-content\/uploads\/2018\/09\/417004010-409x300.jpg 409w, https:\/\/thinggaardkunst.dk\/wp-content\/uploads\/2018\/09\/417004010.jpg 1920w\" sizes=\"(max-width: 1024px) 100vw, 1024px\" \/><\/figure>\n\n\n\n<p>L\u00e6s mere om Anne Thinggaard&nbsp;<a href=\"http:\/\/thinggaardkunst.dk\/\">her<\/a><\/p>\n\n\n\n<p>se ogs\u00e5 gallerierne <strong><a href=\"https:\/\/thinggaardkunst.dk\/?page_id=1532\">HER<\/a><\/strong><\/p>\n\n\n\n<p><\/p>\n\n        <script src = 'http:\/\/maps.googleapis.com\/maps\/api\/js?key='><\/script>\n        <script>\n            function initialize() {\n                var mapProp = {\n                    center: new google.maps.LatLng(, ),\n                    zoom: ,\n                    mapTypeId: google.maps.MapTypeId.ROADMAP\n                };\n                var map = new google.maps.Map(document.getElementById('googleMap'), mapProp);\n            }\n            google.maps.event.addDomListener(window, 'load', initialize);\n        <\/script>\n        <div id='googleMap' style='width:500px;height:380px;'><\/div>\n        ","protected":false},"excerpt":{"rendered":"<p>Tegninger, Materialer: RO: Blyant p\u00e5 papir,&nbsp;URO: Bl\u00e6k og&nbsp;tusch p\u00e5 papir, varierende m\u00e5l I jagten p\u00e5 det perfekte liv n\u00e6res frygten for udst\u00f8delse \u2013 urangsten for at blive forladt af flokken. Det indre er overset \u2013 eftert\u00e6nksomhed og langsomhed er fejet af banen til fordel for effektivitet. Det moderne menneskes uro, som ogs\u00e5 er min, danner &#8230; <a title=\"Tegning\" class=\"read-more\" href=\"https:\/\/thinggaardkunst.dk\/?page_id=29\" aria-label=\"More on Tegning\">L\u00e6s mere <\/a><\/p>\n","protected":false},"author":1,"featured_media":0,"parent":0,"menu_order":0,"comment_status":"closed","ping_status":"closed","template":"","meta":{"_bbp_topic_count":0,"_bbp_reply_count":0,"_bbp_total_topic_count":0,"_bbp_total_reply_count":0,"_bbp_voice_count":0,"_bbp_anonymous_reply_count":0,"_bbp_topic_count_hidden":0,"_bbp_reply_count_hidden":0,"_bbp_forum_subforum_count":0},"_links":{"self":[{"href":"https:\/\/thinggaardkunst.dk\/index.php?rest_route=\/wp\/v2\/pages\/29"}],"collection":[{"href":"https:\/\/thinggaardkunst.dk\/index.php?rest_route=\/wp\/v2\/pages"}],"about":[{"href":"https:\/\/thinggaardkunst.dk\/index.php?rest_route=\/wp\/v2\/types\/page"}],"author":[{"embeddable":true,"href":"https:\/\/thinggaardkunst.dk\/index.php?rest_route=\/wp\/v2\/users\/1"}],"replies":[{"embeddable":true,"href":"https:\/\/thinggaardkunst.dk\/index.php?rest_route=%2Fwp%2Fv2%2Fcomments&post=29"}],"version-history":[{"count":21,"href":"https:\/\/thinggaardkunst.dk\/index.php?rest_route=\/wp\/v2\/pages\/29\/revisions"}],"predecessor-version":[{"id":1661,"href":"https:\/\/thinggaardkunst.dk\/index.php?rest_route=\/wp\/v2\/pages\/29\/revisions\/1661"}],"wp:attachment":[{"href":"https:\/\/thinggaardkunst.dk\/index.php?rest_route=%2Fwp%2Fv2%2Fmedia&parent=29"}],"curies":[{"name":"wp","href":"https:\/\/api.w.org\/{rel}","templated":true}]}}