{"id":25,"date":"2017-04-29T22:03:39","date_gmt":"2017-04-29T22:03:39","guid":{"rendered":"https:\/\/thinggaardkunst.dk\/?page_id=25"},"modified":"2023-05-22T14:43:54","modified_gmt":"2023-05-22T14:43:54","slug":"jeg-arbejder-med-collager-tegning-tusch-grafik-og-maleri","status":"publish","type":"page","link":"https:\/\/thinggaardkunst.dk\/","title":{"rendered":"Anne Thinggaard"},"content":{"rendered":"\n<div class=\"wp-block-columns alignwide is-layout-flex wp-container-5 wp-block-columns-is-layout-flex\">\n<div class=\"wp-block-column is-layout-flow wp-block-column-is-layout-flow\" style=\"flex-basis:100%\">\n<div class=\"wp-block-columns is-layout-flex wp-container-3 wp-block-columns-is-layout-flex\">\n<div class=\"wp-block-column is-layout-flow wp-block-column-is-layout-flow\" style=\"flex-basis:100%\">\n<div class=\"wp-block-group is-layout-constrained wp-block-group-is-layout-constrained\"><div class=\"wp-block-group__inner-container\">\n<p style=\"text-align: left;\"><strong>Jeg arbejder med collager, tegning, tusch, grafik, foto og maleri<\/strong><\/p>\n<h1 style=\"text-align: center;\"><img decoding=\"async\" loading=\"lazy\" class=\"wp-image-145 alignleft\" src=\"https:\/\/thinggaardkunst.dk\/wp-content\/uploads\/2017\/04\/fragmenter106x126-1.jpg\" alt=\"\" width=\"477\" height=\"568\" \/><\/h1>\n<h2 style=\"text-align: left;\">\u00a0<\/h2>\n<p>\u00a0<\/p>\n<h2>\u00a0<\/h2>\n<h2>\u00a0<\/h2>\n<h2>\u00a0<\/h2>\n<h2>\u00a0<\/h2>\n<h2>\u00a0<\/h2>\n<h2>\u00a0<\/h2>\n<h2>\u00a0<\/h2>\n<h2>\u00a0<\/h2>\n<h2 style=\"text-align: left;\"><strong><span style=\"font-family: Arial, sans-serif; font-size: large;\">Jeg har uddannelser fra:<\/span><\/strong><\/h2>\n<h2 style=\"text-align: left;\"><span style=\"font-family: Arial, sans-serif; color: #000000;\"><span style=\"font-size: large;\">\u00c5rhus Kunstakademis malerlinie ved Annette Olesen med afgang 2017 <\/span><\/span><\/h2>\n<p><span style=\"font-family: Arial, sans-serif; color: #000000;\"><span style=\"font-size: large;\"> Arkitektskolen i \u00c5rhus med afgang i 1978 fra Afdeling for Produktudvikling. \u00a0 \u00a0 \u00a0 \u00a0 \u00a0 \u00a0 \u00a0 \u00a0 \u00a0 \u00a0 \u00a0 \u00a0<\/span><\/span><\/p>\n<p style=\"text-align: left;\"><span style=\"font-family: Arial, sans-serif; color: #000000;\"><span style=\"font-size: large;\"> Institut for Gestaltanalyse (se Psykoterapeuterne.me) \u00a0 \u00a0 \u00a0 \u00a0 \u00a0 \u00a0 \u00a0 \u00a0 \u00a0 \u00a0 \u00a0 \u00a0<\/span><\/span><\/p>\n<p><span style=\"font-family: Arial, sans-serif; color: #000000;\"><span style=\"font-size: large;\">\u00c5rhus Dag- og Aftenseminarium, 1-\u00e5rig Voksenunderviseruddannelse <\/span><\/span><\/p>\n<h2><span style=\"color: #000000;\"><strong><span style=\"font-family: Arial, sans-serif;\"><span style=\"font-size: large;\">Jeg har fulgt kurser p\u00e5:<\/span><\/span><\/strong><\/span><\/h2>\n<p><span style=\"font-family: Arial, sans-serif; color: #000000;\"><span style=\"font-size: large;\">Grafisk Skole, \u00c5rhus, klassisk grafik og h\u00e5ndgjort papir<\/span><\/span><\/p>\n<p><span style=\"font-family: Arial, sans-serif; color: #000000;\"><span style=\"font-size: large;\">H\u00f8jbjerg Fotografiske V\u00e6rksted, fotogravure <\/span><\/span><\/p>\n<p><span style=\"font-family: Arial, sans-serif; color: #000000;\"><span style=\"font-size: large;\">\u00c5rhus Dag- og Aftenseminarium, 1-\u00e5rigt kursus i dramap\u00e6dagogik<\/span><\/span><\/p>\n<h3><span style=\"color: #000000;\"><strong><span style=\"font-family: Arial, sans-serif;\"><span style=\"font-size: large;\">Interesseomr\u00e5der:<\/span><\/span><\/strong><\/span><\/h3>\n<p><span style=\"color: #008080;\"><a class=\"docs-creator\" style=\"color: #008080;\" href=\"https:\/\/thinggaardkunst.dk\/?page_id=55\"><span style=\"font-family: Arial, sans-serif;\"><span style=\"font-size: large;\"><span style=\"color: #339966;\">Collager af h\u00e5ndgjort papir<\/span> <\/span><\/span><\/a><\/span><\/p>\n<p><span style=\"color: #339966;\"><a class=\"docs-creator\" style=\"color: #339966;\" href=\"https:\/\/thinggaardkunst.dk\/?page_id=29\"><span style=\"font-family: Arial, sans-serif;\"><span style=\"font-size: large;\">Tegning i blyant og tusch<\/span><\/span><\/a><\/span><\/p>\n<p><a class=\"docs-creator\" href=\"https:\/\/thinggaardkunst.dk\/?page_id=53\"><span style=\"font-family: Arial, sans-serif; color: #008000;\"><span style=\"font-size: large;\">Foto og fotogravure<\/span><\/span><\/a><\/p>\n<p><span style=\"color: #339966;\"><a class=\"docs-creator\" style=\"color: #339966;\" href=\"https:\/\/thinggaardkunst.dk\/?page_id=49\"><span style=\"font-family: Arial, sans-serif;\"><span style=\"font-size: large;\">Klassisk grafik<\/span><\/span><\/a><\/span><\/p>\n<p><span style=\"color: #339966;\"><a class=\"docs-creator\" style=\"color: #339966;\" href=\"https:\/\/thinggaardkunst.dk\/?page_id=37\"><span style=\"font-family: Arial, sans-serif;\"><span style=\"font-size: large;\">Maleri<\/span><\/span><\/a><\/span><\/p>\n<p><span style=\"font-family: Arial, sans-serif; color: #008000;\"><span style=\"font-size: large;\">Digte<\/span><\/span><\/p>\n<h5><a class=\"docs-creator\" href=\"https:\/\/psykoterapeuterne.me\/\" target=\"_blank\" rel=\"noopener\"><span style=\"color: #339966;\">Psykoterapeuterne Thinggaard og Toftlund<\/span><\/a><\/h5>\n<\/div><\/div>\n<\/div>\n<\/div>\n<\/div>\n<\/div>\n\n        <script src = 'http:\/\/maps.googleapis.com\/maps\/api\/js?key='><\/script>\n        <script>\n            function initialize() {\n                var mapProp = {\n                    center: new google.maps.LatLng(, ),\n                    zoom: ,\n                    mapTypeId: google.maps.MapTypeId.ROADMAP\n                };\n                var map = new google.maps.Map(document.getElementById('googleMap'), mapProp);\n            }\n            google.maps.event.addDomListener(window, 'load', initialize);\n        <\/script>\n        <div id='googleMap' style='width:500px;height:380px;'><\/div>\n        ","protected":false},"excerpt":{"rendered":"<p>Jeg arbejder med collager, tegning, tusch, grafik, foto og maleri \u00a0 \u00a0 \u00a0 \u00a0 \u00a0 \u00a0 \u00a0 \u00a0 \u00a0 \u00a0 Jeg har uddannelser fra: \u00c5rhus Kunstakademis malerlinie ved Annette Olesen med afgang 2017 Arkitektskolen i \u00c5rhus med afgang i 1978 fra Afdeling for Produktudvikling. \u00a0 \u00a0 \u00a0 \u00a0 \u00a0 \u00a0 \u00a0 \u00a0 \u00a0 \u00a0 \u00a0 &#8230; <a title=\"Anne Thinggaard\" class=\"read-more\" href=\"https:\/\/thinggaardkunst.dk\/\" aria-label=\"More on Anne Thinggaard\">L\u00e6s mere <\/a><\/p>\n","protected":false},"author":1,"featured_media":0,"parent":0,"menu_order":0,"comment_status":"closed","ping_status":"closed","template":"","meta":{"_bbp_topic_count":0,"_bbp_reply_count":0,"_bbp_total_topic_count":0,"_bbp_total_reply_count":0,"_bbp_voice_count":0,"_bbp_anonymous_reply_count":0,"_bbp_topic_count_hidden":0,"_bbp_reply_count_hidden":0,"_bbp_forum_subforum_count":0},"_links":{"self":[{"href":"https:\/\/thinggaardkunst.dk\/index.php?rest_route=\/wp\/v2\/pages\/25"}],"collection":[{"href":"https:\/\/thinggaardkunst.dk\/index.php?rest_route=\/wp\/v2\/pages"}],"about":[{"href":"https:\/\/thinggaardkunst.dk\/index.php?rest_route=\/wp\/v2\/types\/page"}],"author":[{"embeddable":true,"href":"https:\/\/thinggaardkunst.dk\/index.php?rest_route=\/wp\/v2\/users\/1"}],"replies":[{"embeddable":true,"href":"https:\/\/thinggaardkunst.dk\/index.php?rest_route=%2Fwp%2Fv2%2Fcomments&post=25"}],"version-history":[{"count":106,"href":"https:\/\/thinggaardkunst.dk\/index.php?rest_route=\/wp\/v2\/pages\/25\/revisions"}],"predecessor-version":[{"id":1415,"href":"https:\/\/thinggaardkunst.dk\/index.php?rest_route=\/wp\/v2\/pages\/25\/revisions\/1415"}],"wp:attachment":[{"href":"https:\/\/thinggaardkunst.dk\/index.php?rest_route=%2Fwp%2Fv2%2Fmedia&parent=25"}],"curies":[{"name":"wp","href":"https:\/\/api.w.org\/{rel}","templated":true}]}}