{"id":1532,"date":"2023-05-23T10:49:24","date_gmt":"2023-05-23T10:49:24","guid":{"rendered":"https:\/\/thinggaardkunst.dk\/?page_id=1532"},"modified":"2023-05-23T10:52:03","modified_gmt":"2023-05-23T10:52:03","slug":"tegning-galleri","status":"publish","type":"page","link":"https:\/\/thinggaardkunst.dk\/?page_id=1532","title":{"rendered":"Tegning Galleri"},"content":{"rendered":"\n<p>Klik p\u00e5 billede for at f\u00e5 vist galleri panel<\/p>\n\n\n\n<!-- Final Tiles Grid Gallery for WordPress v3.6.13 free --><style>#ftg-1111 .tile .icon { color:#ffffff; }#ftg-1111 .ftg-items .loading-bar i { background:#666; }#ftg-1111 .ftg-items .loading-bar { background:#fff; }#ftg-1111 .tile .icon { font-size:12px; }#ftg-1111 .tile .icon { margin: -6px 0 0 -6px; }#ftg-1111 .tile .caption-block .text-wrapper span.text { font-size:12px; }#ftg-1111 .tile .caption-outside .text-wrapper span.text { font-size:12px; }#ftg-1111 .tile .caption-block .text-wrapper span.title { font-size:14px; }#ftg-1111 .tile .caption-outside .text-wrapper span.title { font-size:14px; }#ftg-1111 .tile { background-color: transparent; }#ftg-1111 .tile .caption-block .text-wrapper span.text { color: #ffffff; }#ftg-1111 .tile .caption-block .text-wrapper span.title { color: #ffffff; }#ftg-1111 .tile .caption-outside .text-wrapper span.text { color: #ffffff; }#ftg-1111 .tile .caption-outside .text-wrapper span.title { color: #ffffff; }#ftg-1111 .tile .ftg-social a { color: #ffffff; }#ftg-1111 .tile .caption-block { transition-timing-function:ease; }#ftg-1111 .tile .caption-block { transition-duration:0.25s; }#ftg-1111 .tile .tile-inner:before { background-color: #000000; }#ftg-1111 .tile .tile-inner:before { background-color: rgba(0, 0, 0, 0.8); }#ftg-1111 .tile:hover img {-moz-transform: ;-webkit-transform: ;-o-transform: ;-ms-transform: ;transform: ;}<\/style><a name=\"11\"><\/a><div class=\"final-tiles-gallery  ftg-hover-enabled caption-inside  caption-none caption-middle caption-center\" id=\"ftg-1111\" style=\"width: 100%\"><div class='ftg-items'><div class='loading-bar'><i><\/i><\/div><div  class='tile ftg-preload  '><a title=\"45C-6e-20161123144609\" data-lightbox='ftg-1111' rel='ftg-1111'  class=' tile-inner  ftg-lightbox' href='https:\/\/thinggaardkunst.dk\/wp-content\/uploads\/2018\/04\/417004010-1-1024x751.jpg' ><img alt='45C-6e-20161123144609' class='item skip-lazy' data-class='item' data-ftg-source='https:\/\/thinggaardkunst.dk\/wp-content\/uploads\/2018\/04\/417004010-1-1024x751.jpg' src='https:\/\/thinggaardkunst.dk\/wp-content\/uploads\/2018\/04\/417004010-1-1024x751.jpg' width='1024' height='751' \/><div class='caption-block'><div class='text-wrapper'><span class='title'>45C-6e-20161123144609<\/span><\/div><\/div><\/a><div class='ftg-social'><\/div><\/div><div  class='tile ftg-preload  '><a title=\"P\u00e5 gr\u00e6s\" data-lightbox='ftg-1111' rel='ftg-1111'  class=' tile-inner  ftg-lightbox' href='https:\/\/thinggaardkunst.dk\/wp-content\/uploads\/2018\/09\/P\u00e5-gr\u00e6s-1-676x1024.jpg' ><img alt='P\u00e5 gr\u00e6s' class='item skip-lazy' data-class='item' data-ftg-source='https:\/\/thinggaardkunst.dk\/wp-content\/uploads\/2018\/09\/P\u00e5-gr\u00e6s-1-676x1024.jpg' src='https:\/\/thinggaardkunst.dk\/wp-content\/uploads\/2018\/09\/P\u00e5-gr\u00e6s-1-676x1024.jpg' width='676' height='1024' \/><div class='caption-block'><div class='text-wrapper'><span class='title'>P\u00e5 gr\u00e6s<\/span><\/div><\/div><\/a><div class='ftg-social'><\/div><\/div><div  class='tile ftg-preload  '><a title=\"45C-6e-20161123145022\" data-lightbox='ftg-1111' rel='ftg-1111'  class=' tile-inner  ftg-lightbox' href='https:\/\/thinggaardkunst.dk\/wp-content\/uploads\/2018\/04\/38tilt\u00f8rredark-1024x704.jpg' ><img alt='45C-6e-20161123145022' class='item skip-lazy' data-class='item' data-ftg-source='https:\/\/thinggaardkunst.dk\/wp-content\/uploads\/2018\/04\/38tilt\u00f8rredark-1024x704.jpg' src='https:\/\/thinggaardkunst.dk\/wp-content\/uploads\/2018\/04\/38tilt\u00f8rredark-1024x704.jpg' width='1024' height='704' \/><div class='caption-block'><div class='text-wrapper'><span class='title'>45C-6e-20161123145022<\/span><\/div><\/div><\/a><div class='ftg-social'><\/div><\/div><div  class='tile ftg-preload  '><a title=\"45C-6e-20170327133942\" data-lightbox='ftg-1111' rel='ftg-1111'  class=' tile-inner  ftg-lightbox' href='https:\/\/thinggaardkunst.dk\/wp-content\/uploads\/2018\/04\/Myleftfoot-724x1024.jpg' ><img alt='45C-6e-20170327133942' class='item skip-lazy' data-class='item' data-ftg-source='https:\/\/thinggaardkunst.dk\/wp-content\/uploads\/2018\/04\/Myleftfoot-724x1024.jpg' src='https:\/\/thinggaardkunst.dk\/wp-content\/uploads\/2018\/04\/Myleftfoot-724x1024.jpg' width='724' height='1024' \/><div class='caption-block'><div class='text-wrapper'><span class='title'>45C-6e-20170327133942<\/span><\/div><\/div><\/a><div class='ftg-social'><\/div><\/div><div  class='tile ftg-preload  '><a title=\"Feetinsocks\" data-lightbox='ftg-1111' rel='ftg-1111'  class=' tile-inner  ftg-lightbox' href='https:\/\/thinggaardkunst.dk\/wp-content\/uploads\/2018\/04\/Feetinsocks-724x1024.jpg' ><img alt='Feetinsocks' class='item skip-lazy' data-class='item' data-ftg-source='https:\/\/thinggaardkunst.dk\/wp-content\/uploads\/2018\/04\/Feetinsocks-724x1024.jpg' src='https:\/\/thinggaardkunst.dk\/wp-content\/uploads\/2018\/04\/Feetinsocks-724x1024.jpg' width='724' height='1024' \/><div class='caption-block'><div class='text-wrapper'><span class='title'>Feetinsocks<\/span><\/div><\/div><\/a><div class='ftg-social'><\/div><\/div><div  class='tile ftg-preload  '><a title=\"417004007 (1)\" data-lightbox='ftg-1111' rel='ftg-1111'  class=' tile-inner  ftg-lightbox' href='https:\/\/thinggaardkunst.dk\/wp-content\/uploads\/2018\/09\/417004007-1-724x1024.jpg' ><img alt='417004007 (1)' class='item skip-lazy' data-class='item' data-ftg-source='https:\/\/thinggaardkunst.dk\/wp-content\/uploads\/2018\/09\/417004007-1-724x1024.jpg' src='https:\/\/thinggaardkunst.dk\/wp-content\/uploads\/2018\/09\/417004007-1-724x1024.jpg' width='724' height='1024' \/><div class='caption-block'><div class='text-wrapper'><span class='title'>417004007 (1)<\/span><\/div><\/div><\/a><div class='ftg-social'><\/div><\/div><div  class='tile ftg-preload  '><a title=\"45C-6e-20161123144747\" data-lightbox='ftg-1111' rel='ftg-1111'  class=' tile-inner  ftg-lightbox' href='https:\/\/thinggaardkunst.dk\/wp-content\/uploads\/2018\/04\/Feet-724x1024.jpg' ><img alt='45C-6e-20161123144747' class='item skip-lazy' data-class='item' data-ftg-source='https:\/\/thinggaardkunst.dk\/wp-content\/uploads\/2018\/04\/Feet-724x1024.jpg' src='https:\/\/thinggaardkunst.dk\/wp-content\/uploads\/2018\/04\/Feet-724x1024.jpg' width='724' height='1024' \/><div class='caption-block'><div class='text-wrapper'><span class='title'>45C-6e-20161123144747<\/span><\/div><\/div><\/a><div class='ftg-social'><\/div><\/div><div  class='tile ftg-preload  '><a title=\"45C-6e-20170313125002\" data-lightbox='ftg-1111' rel='ftg-1111'  class=' tile-inner  ftg-lightbox' href='https:\/\/thinggaardkunst.dk\/wp-content\/uploads\/2018\/04\/Drawingmylegs-724x1024.jpg' ><img alt='45C-6e-20170313125002' class='item skip-lazy' data-class='item' data-ftg-source='https:\/\/thinggaardkunst.dk\/wp-content\/uploads\/2018\/04\/Drawingmylegs-724x1024.jpg' src='https:\/\/thinggaardkunst.dk\/wp-content\/uploads\/2018\/04\/Drawingmylegs-724x1024.jpg' width='724' height='1024' \/><div class='caption-block'><div class='text-wrapper'><span class='title'>45C-6e-20170313125002<\/span><\/div><\/div><\/a><div class='ftg-social'><\/div><\/div><\/div><\/div>\n\n        <script src = 'http:\/\/maps.googleapis.com\/maps\/api\/js?key='><\/script>\n        <script>\n            function initialize() {\n                var mapProp = {\n                    center: new google.maps.LatLng(, ),\n                    zoom: ,\n                    mapTypeId: google.maps.MapTypeId.ROADMAP\n                };\n                var map = new google.maps.Map(document.getElementById('googleMap'), mapProp);\n            }\n            google.maps.event.addDomListener(window, 'load', initialize);\n        <\/script>\n        <div id='googleMap' style='width:500px;height:380px;'><\/div>\n        ","protected":false},"excerpt":{"rendered":"<p>Klik p\u00e5 billede for at f\u00e5 vist galleri panel<\/p>\n","protected":false},"author":1,"featured_media":0,"parent":0,"menu_order":0,"comment_status":"closed","ping_status":"closed","template":"","meta":{"_bbp_topic_count":0,"_bbp_reply_count":0,"_bbp_total_topic_count":0,"_bbp_total_reply_count":0,"_bbp_voice_count":0,"_bbp_anonymous_reply_count":0,"_bbp_topic_count_hidden":0,"_bbp_reply_count_hidden":0,"_bbp_forum_subforum_count":0},"_links":{"self":[{"href":"https:\/\/thinggaardkunst.dk\/index.php?rest_route=\/wp\/v2\/pages\/1532"}],"collection":[{"href":"https:\/\/thinggaardkunst.dk\/index.php?rest_route=\/wp\/v2\/pages"}],"about":[{"href":"https:\/\/thinggaardkunst.dk\/index.php?rest_route=\/wp\/v2\/types\/page"}],"author":[{"embeddable":true,"href":"https:\/\/thinggaardkunst.dk\/index.php?rest_route=\/wp\/v2\/users\/1"}],"replies":[{"embeddable":true,"href":"https:\/\/thinggaardkunst.dk\/index.php?rest_route=%2Fwp%2Fv2%2Fcomments&post=1532"}],"version-history":[{"count":2,"href":"https:\/\/thinggaardkunst.dk\/index.php?rest_route=\/wp\/v2\/pages\/1532\/revisions"}],"predecessor-version":[{"id":1535,"href":"https:\/\/thinggaardkunst.dk\/index.php?rest_route=\/wp\/v2\/pages\/1532\/revisions\/1535"}],"wp:attachment":[{"href":"https:\/\/thinggaardkunst.dk\/index.php?rest_route=%2Fwp%2Fv2%2Fmedia&parent=1532"}],"curies":[{"name":"wp","href":"https:\/\/api.w.org\/{rel}","templated":true}]}}