{"id":1455,"date":"2023-05-23T09:22:55","date_gmt":"2023-05-23T09:22:55","guid":{"rendered":"https:\/\/thinggaardkunst.dk\/?page_id=1455"},"modified":"2023-05-29T18:35:16","modified_gmt":"2023-05-29T18:35:16","slug":"gallerier-og-atelier-mm","status":"publish","type":"page","link":"https:\/\/thinggaardkunst.dk\/?page_id=1455","title":{"rendered":"Gallerier"},"content":{"rendered":"\n<p>P\u00e5 denne side finder du st\u00f8rre samlinger af gallerier med tegning og tusch, maleri og portr\u00e6t , grafik og fotogravure,  papir og collage, skulptur og tavler<\/p>\n\n\n\n<p>Mere tekst og et par billeder<\/p>\n\n\n\n<div class=\"wp-block-media-text is-stacked-on-mobile\"><figure class=\"wp-block-media-text__media\"><img decoding=\"async\" loading=\"lazy\" width=\"768\" height=\"1024\" src=\"https:\/\/thinggaardkunst.dk\/wp-content\/uploads\/2018\/09\/P1050157-e1536420824669-768x1024.jpg\" alt=\"\" class=\"wp-image-699 size-full\" srcset=\"https:\/\/thinggaardkunst.dk\/wp-content\/uploads\/2018\/09\/P1050157-e1536420824669-768x1024.jpg 768w, https:\/\/thinggaardkunst.dk\/wp-content\/uploads\/2018\/09\/P1050157-e1536420824669-113x150.jpg 113w, https:\/\/thinggaardkunst.dk\/wp-content\/uploads\/2018\/09\/P1050157-e1536420824669-225x300.jpg 225w\" sizes=\"(max-width: 768px) 100vw, 768px\" \/><\/figure><div class=\"wp-block-media-text__content\">\n<p><\/p>\n<\/div><\/div>\n\n\n\n<p><\/p>\n\n\n\n<div class=\"wp-block-media-text has-media-on-the-right is-stacked-on-mobile\"><div class=\"wp-block-media-text__content\">\n<p><\/p>\n<\/div><figure class=\"wp-block-media-text__media\"><img decoding=\"async\" loading=\"lazy\" width=\"768\" height=\"1024\" src=\"https:\/\/thinggaardkunst.dk\/wp-content\/uploads\/2018\/04\/P1080004-e1524580801215-768x1024.jpg\" alt=\"\" class=\"wp-image-332 size-full\" srcset=\"https:\/\/thinggaardkunst.dk\/wp-content\/uploads\/2018\/04\/P1080004-e1524580801215-768x1024.jpg 768w, https:\/\/thinggaardkunst.dk\/wp-content\/uploads\/2018\/04\/P1080004-e1524580801215-113x150.jpg 113w, https:\/\/thinggaardkunst.dk\/wp-content\/uploads\/2018\/04\/P1080004-e1524580801215-225x300.jpg 225w\" sizes=\"(max-width: 768px) 100vw, 768px\" \/><\/figure><\/div>\n\n\n\n<p><\/p>\n\n\n\n<div class=\"wp-block-media-text is-stacked-on-mobile\"><figure class=\"wp-block-media-text__media\"><img decoding=\"async\" loading=\"lazy\" width=\"683\" height=\"1024\" src=\"https:\/\/thinggaardkunst.dk\/wp-content\/uploads\/2018\/09\/AnneThinggaard-683x1024.jpg\" alt=\"\" class=\"wp-image-696 size-full\" srcset=\"https:\/\/thinggaardkunst.dk\/wp-content\/uploads\/2018\/09\/AnneThinggaard-683x1024.jpg 683w, https:\/\/thinggaardkunst.dk\/wp-content\/uploads\/2018\/09\/AnneThinggaard-100x150.jpg 100w, https:\/\/thinggaardkunst.dk\/wp-content\/uploads\/2018\/09\/AnneThinggaard-200x300.jpg 200w, https:\/\/thinggaardkunst.dk\/wp-content\/uploads\/2018\/09\/AnneThinggaard-768x1152.jpg 768w\" sizes=\"(max-width: 683px) 100vw, 683px\" \/><\/figure><div class=\"wp-block-media-text__content\">\n<p><\/p>\n<\/div><\/div>\n\n        <script src = 'http:\/\/maps.googleapis.com\/maps\/api\/js?key='><\/script>\n        <script>\n            function initialize() {\n                var mapProp = {\n                    center: new google.maps.LatLng(, ),\n                    zoom: ,\n                    mapTypeId: google.maps.MapTypeId.ROADMAP\n                };\n                var map = new google.maps.Map(document.getElementById('googleMap'), mapProp);\n            }\n            google.maps.event.addDomListener(window, 'load', initialize);\n        <\/script>\n        <div id='googleMap' style='width:500px;height:380px;'><\/div>\n        ","protected":false},"excerpt":{"rendered":"<p>P\u00e5 denne side finder du st\u00f8rre samlinger af gallerier med tegning og tusch, maleri og portr\u00e6t , grafik og fotogravure, papir og collage, skulptur og tavler Mere tekst og et par billeder<\/p>\n","protected":false},"author":1,"featured_media":0,"parent":0,"menu_order":0,"comment_status":"closed","ping_status":"closed","template":"","meta":{"_bbp_topic_count":0,"_bbp_reply_count":0,"_bbp_total_topic_count":0,"_bbp_total_reply_count":0,"_bbp_voice_count":0,"_bbp_anonymous_reply_count":0,"_bbp_topic_count_hidden":0,"_bbp_reply_count_hidden":0,"_bbp_forum_subforum_count":0},"_links":{"self":[{"href":"https:\/\/thinggaardkunst.dk\/index.php?rest_route=\/wp\/v2\/pages\/1455"}],"collection":[{"href":"https:\/\/thinggaardkunst.dk\/index.php?rest_route=\/wp\/v2\/pages"}],"about":[{"href":"https:\/\/thinggaardkunst.dk\/index.php?rest_route=\/wp\/v2\/types\/page"}],"author":[{"embeddable":true,"href":"https:\/\/thinggaardkunst.dk\/index.php?rest_route=\/wp\/v2\/users\/1"}],"replies":[{"embeddable":true,"href":"https:\/\/thinggaardkunst.dk\/index.php?rest_route=%2Fwp%2Fv2%2Fcomments&post=1455"}],"version-history":[{"count":12,"href":"https:\/\/thinggaardkunst.dk\/index.php?rest_route=\/wp\/v2\/pages\/1455\/revisions"}],"predecessor-version":[{"id":1672,"href":"https:\/\/thinggaardkunst.dk\/index.php?rest_route=\/wp\/v2\/pages\/1455\/revisions\/1672"}],"wp:attachment":[{"href":"https:\/\/thinggaardkunst.dk\/index.php?rest_route=%2Fwp%2Fv2%2Fmedia&parent=1455"}],"curies":[{"name":"wp","href":"https:\/\/api.w.org\/{rel}","templated":true}]}}