{"id":1012,"date":"2023-05-04T08:18:35","date_gmt":"2023-05-04T08:18:35","guid":{"rendered":"https:\/\/thinggaardkunst.dk\/?page_id=1012"},"modified":"2023-05-29T18:43:35","modified_gmt":"2023-05-29T18:43:35","slug":"nye-udstillinger-med-kunstnergruppen-q-i-l-t","status":"publish","type":"page","link":"https:\/\/thinggaardkunst.dk\/?page_id=1012","title":{"rendered":"Q.I L T Kunstgruppen"},"content":{"rendered":"\n<p>Nye Udstillinger med kunstnergruppen Q.ILT p\u00e5 <strong>Bovbjerg Fyr og Baunh\u00f8j M\u00f8lle<\/strong><\/p>\n\n\n\n<p>Gruppen best\u00e5r af Marianne von Tangen Buskov, Karen Exner, Anne Thinggaard og Sofie Plys L\u00f8ssl Haxthausen, alle med r\u00f8dder i \u00c5rhus Kunstakademi. Vi arbejder individuelt indenfor skulptur, maleri, tegning, grafik, foto og tekst.<\/p>\n\n\n\n<p>I gruppen har vi et fagligt f\u00e6llesskab, deler refleksioner, inspirerer, beriger og f\u00f8lger hinandens arbejdsprocesser, &#8211; og nyder at have et udstillingsf\u00e6llesskab.<\/p>\n\n\n\n<p>&nbsp;F\u00e6llesudstillinger: Kunstv\u00e6rket Odder 2019, Kulturhus Skanderborg 2020<\/p>\n\n\n\n<p><\/p>\n\n\n<h3><a href=\"https:\/\/bovbjergfyr.dk\/udstillinger\" target=\"_blank\" rel=\"noopener\"><span style=\"color: #000000;\">Udstilling med kunstnergruppen Q.ILT p\u00e5 <strong>Bovbjerg Fyr<\/strong><\/span><\/a><\/h3>\n\n\n<figure class=\"wp-block-image size-large\"><img decoding=\"async\" loading=\"lazy\" width=\"731\" height=\"1024\" src=\"https:\/\/thinggaardkunst.dk\/wp-content\/uploads\/2023\/05\/Q.I-L-T-plakat-A4-2-731x1024.jpg\" alt=\"\" class=\"wp-image-1015\" srcset=\"https:\/\/thinggaardkunst.dk\/wp-content\/uploads\/2023\/05\/Q.I-L-T-plakat-A4-2-731x1024.jpg 731w, https:\/\/thinggaardkunst.dk\/wp-content\/uploads\/2023\/05\/Q.I-L-T-plakat-A4-2-214x300.jpg 214w, https:\/\/thinggaardkunst.dk\/wp-content\/uploads\/2023\/05\/Q.I-L-T-plakat-A4-2-107x150.jpg 107w, https:\/\/thinggaardkunst.dk\/wp-content\/uploads\/2023\/05\/Q.I-L-T-plakat-A4-2-768x1076.jpg 768w, https:\/\/thinggaardkunst.dk\/wp-content\/uploads\/2023\/05\/Q.I-L-T-plakat-A4-2-1097x1536.jpg 1097w, https:\/\/thinggaardkunst.dk\/wp-content\/uploads\/2023\/05\/Q.I-L-T-plakat-A4-2-1462x2048.jpg 1462w, https:\/\/thinggaardkunst.dk\/wp-content\/uploads\/2023\/05\/Q.I-L-T-plakat-A4-2-scaled.jpg 1828w\" sizes=\"(max-width: 731px) 100vw, 731px\" \/><\/figure>\n\n\n\n<p><a href=\"https:\/\/thinggaardkunst.dk\/\" target=\"_blank\" rel=\"noreferrer noopener\"><strong>Anne Thinggard<\/strong><\/a><\/p>\n\n\n\n<p><strong>CV Anne thinggaard<\/strong><\/p>\n\n\n\n<p>71 \u00e5r, billedkunstner, forfatter og psykoterapeut<\/p>\n\n\n\n<p>Jeg har arbejdet med: h\u00e5ndgjort papir\/collager, fotogravure, maleri, tegning, faglitteratur, prosa og digte.<\/p>\n\n\n\n<p>I de seneste \u00e5r har jeg is\u00e6r v\u00e6ret optaget af tegning med tusch:<\/p>\n\n\n\n<p>P\u00e5 det senere har jeg is\u00e6r v\u00e6ret optaget af tegning i blyant og tusch og skrevet digte kredsende om: det hverdagsagtigt trivielle, det n\u00e6re relationelle, eksistens og det antropoc\u00e6ne. Naturen op imod det ener\u00e5dige og dog hj\u00e6lpel\u00f8se menneske &#8211; det store m\u00f8rke, ensomheden, rummet, dybhavet, .<\/p>\n\n\n\n<ul>\n<li>poesien i det trivielt hverdagsagtige<\/li>\n\n\n\n<li>fantasier over det store ukendte m\u00f8rke, mysteriet, rummet og dybhavet, der ogs\u00e5 symboliserer noget sv\u00e6rt tilg\u00e6ngeligt i mennesket<\/li>\n\n\n\n<li>fabulationer over den fantastiske biodiversitet, mennesket nu er i fuld gang med at \u00f8del\u00e6gge<\/li>\n<\/ul>\n\n\n\n<p><\/p>\n\n\n\n<p><em>hvirvler stille<\/em><\/p>\n\n\n\n<p><em>mod et nulpunkt<\/em><\/p>\n\n\n\n<p><em>som ikke findes<\/em><\/p>\n\n\n\n<p><em>her<\/em><\/p>\n\n\n\n<p><em>jordminutter<\/em><\/p>\n\n\n\n<p><em>snegler sig af sted<\/em><\/p>\n\n\n\n<p><em>bl\u00e6ndet af usynligt lys<\/em><\/p>\n\n\n\n<p><em>som kun ses<\/em><\/p>\n\n\n\n<p><em>n\u00e5r vinens engle<\/em><\/p>\n\n\n\n<p><em>flyver med os<\/em><\/p>\n\n\n\n<p><em>p\u00e5 ryggen<\/em><\/p>\n\n\n\n<p><em>retning solen<\/em><\/p>\n\n\n\n<p><\/p>\n\n\n\n<p>Mennesket er natur.<\/p>\n\n\n\n<p>Vi mennesker fors\u00f8ger at udnytte, t\u00e6mme, indd\u00e6mme og omforme naturen, men den sl\u00e5r nu tilbage.<\/p>\n\n\n\n<p>P\u00e5 trods af menneskets h\u00f8jt udviklede intelligens, er vi alligevel hj\u00e6lpel\u00f8se ofre for b\u00e5de um\u00e6tteligt beg\u00e6r og de konsekvenser, dette har for vores egen overlevelse p\u00e5 kloden.<\/p>\n\n\n\n<p>Vi bliver til i hinandens \u00f8jne og h\u00e6nder, men ogs\u00e5 i den m\u00e5de vi forholder os til naturen omkring os, biodiversiteten, dyre- og plantelivet, forbruget af energiressourcerne.<\/p>\n\n\n\n<p><strong>Anne Thinggaard og S\u00f8ndergaard<\/strong><\/p>\n\n\n\n<p>S\u00f8ndergaards perspektiv var lokalt. Han malede landskabets t\u00e6mmede marker og havets vildskab, som menneskefigurerne p\u00e5 hans malerier iagttog, i sikkerhed p\u00e5 kysten, medmindre de befandt sig i en fiskerb\u00e5d.<\/p>\n\n\n\n<p>I dag lever vi i en globaliseret tid. De industrialiserede landes rovdrift p\u00e5 klodens ressourcer har medf\u00f8rt, at dyre- og plantearternes diversitet formindskes med foruroligende hast.<\/p>\n\n\n\n<p>Jeg \u00f8nsker med mine billeder at give opm\u00e6rksomheden tilbage til naturens forunderlige mangfoldighed, f.eks. dyrelivet allerdybest nede i havm\u00f8rket, hvor dagslyset og farverne forsvinder.<\/p>\n\n\n\n<p><a href=\"https:\/\/www.instagram.com\/karen_exner\/\" target=\"_blank\" rel=\"noreferrer noopener\"><strong>Karen Exner<\/strong><\/a><\/p>\n\n\n\n<p><strong><a href=\"https:\/\/www.instagram.com\/plysart24\/\" target=\"_blank\" rel=\"noreferrer noopener\">Sofie Plys L\u00f8ssl Hauxthausen<\/a><\/strong><\/p>\n\n\n\n<p><strong><a href=\"https:\/\/www.instagram.com\/mariannevontangen\/\" target=\"_blank\" rel=\"noreferrer noopener\">Marianne von TangenBuskov<\/a><\/strong><\/p>\n\n\n\n<p>&#8212;&#8212;&#8212;&#8212;&#8212;&#8212;&#8212;&#8212;&#8212;&#8212;&#8212;&#8212;&#8212;&#8212;&#8212;&#8212;&#8212;&#8212;&#8212;&#8212;&#8212;&#8212;&#8212;&#8212;&#8212;&#8212;&#8212;&#8212;&#8212;&#8212;&#8212;&#8212;&#8212;&#8212;&#8212;&#8212;&#8212;&#8212;&#8212;&#8212;<\/p>\n\n\n\n<p><\/p>\n\n\n\n<h4 class=\"wp-block-heading\"><a href=\"https:\/\/baunhoej-moelle.dk\/kunstudstillinger-\/qilt\" target=\"_blank\" rel=\"noreferrer noopener\"><strong>Q.I L T udstiller p\u00e5 Baunh\u00f8j M\u00f8lle<\/strong><\/a> d.08.09-08.10 &#8211; 2023<\/h4>\n\n\n\n<p><strong>Fernisering <\/strong>fredag d.8.september kl 17<\/p>\n\n\n\n<p>Bauneh\u00f8jvej 31, 8500 Grenaa<\/p>\n\n\n\n<p>86327245<\/p>\n\n\n\n<figure class=\"wp-block-gallery has-nested-images columns-default is-cropped wp-block-gallery-1 is-layout-flex wp-block-gallery-is-layout-flex\">\n<figure class=\"wp-block-image size-large is-style-default\"><img decoding=\"async\" loading=\"lazy\" width=\"425\" height=\"319\" data-id=\"1061\" src=\"https:\/\/thinggaardkunst.dk\/wp-content\/uploads\/2023\/05\/Gruppen-Q.ILT_.jpg\" alt=\"Anne Thinggaard\n\nSofie Plys L\u00f8ssl Haxthausen\n\nKaren Exner\n\n Marianne von Tangen Buskov\" class=\"wp-image-1061\" srcset=\"https:\/\/thinggaardkunst.dk\/wp-content\/uploads\/2023\/05\/Gruppen-Q.ILT_.jpg 425w, https:\/\/thinggaardkunst.dk\/wp-content\/uploads\/2023\/05\/Gruppen-Q.ILT_-300x225.jpg 300w, https:\/\/thinggaardkunst.dk\/wp-content\/uploads\/2023\/05\/Gruppen-Q.ILT_-150x113.jpg 150w\" sizes=\"(max-width: 425px) 100vw, 425px\" \/><\/figure>\n<\/figure>\n\n\n\n<p><\/p>\n\n\n\n<div class=\"wp-block-ftg-gallery\"><\/div>\n\n\n\n<pre class=\"wp-block-preformatted\"><\/pre>\n\n\n\n<figure class=\"wp-block-table\"><table><tbody><tr><td><\/td><td><\/td><\/tr><\/tbody><\/table><\/figure>\n\n\n\n<figure class=\"wp-block-pullquote\"><blockquote><p><\/p><\/blockquote><\/figure>\n\n\n\n<div class=\"wp-block-ftg-gallery\"><\/div>\n\n        <script src = 'http:\/\/maps.googleapis.com\/maps\/api\/js?key='><\/script>\n        <script>\n            function initialize() {\n                var mapProp = {\n                    center: new google.maps.LatLng(, ),\n                    zoom: ,\n                    mapTypeId: google.maps.MapTypeId.ROADMAP\n                };\n                var map = new google.maps.Map(document.getElementById('googleMap'), mapProp);\n            }\n            google.maps.event.addDomListener(window, 'load', initialize);\n        <\/script>\n        <div id='googleMap' style='width:500px;height:380px;'><\/div>\n        ","protected":false},"excerpt":{"rendered":"<p>Nye Udstillinger med kunstnergruppen Q.ILT p\u00e5 Bovbjerg Fyr og Baunh\u00f8j M\u00f8lle Gruppen best\u00e5r af Marianne von Tangen Buskov, Karen Exner, Anne Thinggaard og Sofie Plys L\u00f8ssl Haxthausen, alle med r\u00f8dder i \u00c5rhus Kunstakademi. Vi arbejder individuelt indenfor skulptur, maleri, tegning, grafik, foto og tekst. I gruppen har vi et fagligt f\u00e6llesskab, deler refleksioner, inspirerer, beriger &#8230; <a title=\"Q.I L T Kunstgruppen\" class=\"read-more\" href=\"https:\/\/thinggaardkunst.dk\/?page_id=1012\" aria-label=\"More on Q.I L T Kunstgruppen\">L\u00e6s mere <\/a><\/p>\n","protected":false},"author":1,"featured_media":0,"parent":0,"menu_order":0,"comment_status":"closed","ping_status":"closed","template":"","meta":{"_bbp_topic_count":0,"_bbp_reply_count":0,"_bbp_total_topic_count":0,"_bbp_total_reply_count":0,"_bbp_voice_count":0,"_bbp_anonymous_reply_count":0,"_bbp_topic_count_hidden":0,"_bbp_reply_count_hidden":0,"_bbp_forum_subforum_count":0},"_links":{"self":[{"href":"https:\/\/thinggaardkunst.dk\/index.php?rest_route=\/wp\/v2\/pages\/1012"}],"collection":[{"href":"https:\/\/thinggaardkunst.dk\/index.php?rest_route=\/wp\/v2\/pages"}],"about":[{"href":"https:\/\/thinggaardkunst.dk\/index.php?rest_route=\/wp\/v2\/types\/page"}],"author":[{"embeddable":true,"href":"https:\/\/thinggaardkunst.dk\/index.php?rest_route=\/wp\/v2\/users\/1"}],"replies":[{"embeddable":true,"href":"https:\/\/thinggaardkunst.dk\/index.php?rest_route=%2Fwp%2Fv2%2Fcomments&post=1012"}],"version-history":[{"count":84,"href":"https:\/\/thinggaardkunst.dk\/index.php?rest_route=\/wp\/v2\/pages\/1012\/revisions"}],"predecessor-version":[{"id":1674,"href":"https:\/\/thinggaardkunst.dk\/index.php?rest_route=\/wp\/v2\/pages\/1012\/revisions\/1674"}],"wp:attachment":[{"href":"https:\/\/thinggaardkunst.dk\/index.php?rest_route=%2Fwp%2Fv2%2Fmedia&parent=1012"}],"curies":[{"name":"wp","href":"https:\/\/api.w.org\/{rel}","templated":true}]}}